{"id":27,"date":"2021-08-02T21:33:07","date_gmt":"2021-08-02T21:33:07","guid":{"rendered":"https:\/\/gmailn.de\/?page_id=27"},"modified":"2021-08-02T23:35:45","modified_gmt":"2021-08-02T23:35:45","slug":"start","status":"publish","type":"page","link":"https:\/\/gmailn.de\/","title":{"rendered":"geh mail&#8217;n"},"content":{"rendered":"\n<h5 class=\"wp-block-heading\">werbefreie E-mail Konton f\u00fcr&#8217;n guten Zweck<\/h5>\n\n\n\n<p>ein Angebot zur F\u00f6rderung Gemeinwohl f\u00f6rdernder Projekte<br><br>wie der<br><br><strong>Jonathan L\u00f6wenherz Stiftung<\/strong><br><a rel=\"noreferrer noopener\" href=\"https:\/\/stiftung.loewenherz.online\" target=\"_blank\">stiftung.loewenherz.online<\/a><\/p>\n\n\n\n<p><em>weitere Projekte folgen<\/em><\/p>\n\n\n\n<h5 class=\"wp-block-heading\">E-Mail Konto bestellen? <\/h5>\n\n\n\n<p>F\u00f6rder eines der zuvor verlinkten Projekte mit einem Betrag deiner Wahl. <br>Bei der \u00dcberweisung gib &#8222;F\u00f6rderung via gmailn&#8220; an.<\/p>\n\n\n\n<p>Und schreib uns eine Email mit Deiner Wunschmail an <a rel=\"noreferrer noopener\" href=\"mailto:order@gmailn.de\" target=\"_blank\">order@gmailn.de<\/a><\/p>\n","protected":false},"excerpt":{"rendered":"<p>werbefreie E-mail Konton f\u00fcr&#8217;n guten Zweck ein Angebot zur F\u00f6rderung Gemeinwohl f\u00f6rdernder Projekte wie der Jonathan L\u00f6wenherz Stiftungstiftung.loewenherz.online weitere Projekte folgen E-Mail Konto bestellen? F\u00f6rder eines der zuvor verlinkten Projekte mit einem Betrag deiner Wahl. Bei der \u00dcberweisung gib &#8222;F\u00f6rderung via gmailn&#8220; an. Und schreib uns eine Email mit Deiner Wunschmail an order@gmailn.de<\/p>\n","protected":false},"author":1,"featured_media":0,"parent":0,"menu_order":0,"comment_status":"closed","ping_status":"closed","template":"","meta":{"footnotes":""},"class_list":["post-27","page","type-page","status-publish","hentry"],"_links":{"self":[{"href":"https:\/\/gmailn.de\/index.php\/wp-json\/wp\/v2\/pages\/27","targetHints":{"allow":["GET"]}}],"collection":[{"href":"https:\/\/gmailn.de\/index.php\/wp-json\/wp\/v2\/pages"}],"about":[{"href":"https:\/\/gmailn.de\/index.php\/wp-json\/wp\/v2\/types\/page"}],"author":[{"embeddable":true,"href":"https:\/\/gmailn.de\/index.php\/wp-json\/wp\/v2\/users\/1"}],"replies":[{"embeddable":true,"href":"https:\/\/gmailn.de\/index.php\/wp-json\/wp\/v2\/comments?post=27"}],"version-history":[{"count":10,"href":"https:\/\/gmailn.de\/index.php\/wp-json\/wp\/v2\/pages\/27\/revisions"}],"predecessor-version":[{"id":139,"href":"https:\/\/gmailn.de\/index.php\/wp-json\/wp\/v2\/pages\/27\/revisions\/139"}],"wp:attachment":[{"href":"https:\/\/gmailn.de\/index.php\/wp-json\/wp\/v2\/media?parent=27"}],"curies":[{"name":"wp","href":"https:\/\/api.w.org\/{rel}","templated":true}]}}